{"id":43,"date":"2022-12-01T06:47:03","date_gmt":"2022-12-01T06:47:03","guid":{"rendered":"https:\/\/www.alexschuster.com\/?page_id=43"},"modified":"2025-07-01T19:26:06","modified_gmt":"2025-07-01T19:26:06","slug":"bio-disco","status":"publish","type":"page","link":"https:\/\/www.alexschuster.com\/en\/bio-disco\/","title":{"rendered":"BIO\/DISCO"},"content":{"rendered":"<div data-elementor-type=\"wp-page\" data-elementor-id=\"43\" class=\"elementor elementor-43\" data-elementor-post-type=\"page\">\n\t\t\t\t\t\t<section class=\"elementor-section elementor-top-section elementor-element elementor-element-085b11f elementor-section-full_width elementor-section-height-min-height elementor-section-height-default elementor-section-items-middle\" data-id=\"085b11f\" data-element_type=\"section\" data-e-type=\"section\" data-settings=\"{&quot;background_background&quot;:&quot;classic&quot;}\">\n\t\t\t\t\t\t<div class=\"elementor-container elementor-column-gap-default\">\n\t\t\t\t\t<div class=\"elementor-column elementor-col-100 elementor-top-column elementor-element elementor-element-d13120f\" data-id=\"d13120f\" data-element_type=\"column\" data-e-type=\"column\">\n\t\t\t<div class=\"elementor-widget-wrap elementor-element-populated\">\n\t\t\t\t\t\t<div class=\"elementor-element elementor-element-2a47c9e animated-slow elementor-invisible elementor-widget elementor-widget-heading\" data-id=\"2a47c9e\" data-element_type=\"widget\" data-e-type=\"widget\" data-settings=\"{&quot;_animation&quot;:&quot;fadeInUp&quot;}\" data-widget_type=\"heading.default\">\n\t\t\t\t<div class=\"elementor-widget-container\">\n\t\t\t\t\t<h1 class=\"elementor-heading-title elementor-size-default\">BIO\/DISCO<\/h1>\t\t\t\t<\/div>\n\t\t\t\t<\/div>\n\t\t\t\t<div class=\"elementor-element elementor-element-3beb8f8 animated-slow elementor-invisible elementor-widget elementor-widget-text-editor\" data-id=\"3beb8f8\" data-element_type=\"widget\" data-e-type=\"widget\" data-settings=\"{&quot;_animation&quot;:&quot;fadeInUp&quot;}\" data-widget_type=\"text-editor.default\">\n\t\t\t\t<div class=\"elementor-widget-container\">\n\t\t\t\t\t\t\t\t\t<p class=\"p1\"><strong>Alex Schuster<\/strong><\/p><p class=\"p1\">I've been playing drums since my childhood. My musical journey began with classical piano training, followed by drum studies at the Konservatorium Vienna (AT) and Drummer\u2019s Focus in Munich (DE). Later I spent two years in Los Angeles, CA working as a session drummer in studios and on live gigs<\/p><p class=\"p1\">Over the years, I\u2019ve been involved in a wide variety of projects, performing live and in the studio with numerous acts and artists including HVOB, Julia, Peter Cornelius, Akjela, Andy Baum, Boris Bukowski, Conchita Wurst, Leftboy, Russkaja, Last Band Standing, Wolfgang Ambros, Opien, Paradaze, Alien Hand Syndrom, Denk, the ORF Dancing Stars Orchestra, Freemen Singers, Roman Gregory, Chris Zitta, Die Seer, Hot Pants Road Club, and Zoon Musiktheater.<\/p><p class=\"p1\">I run my own studio \u201cSush Lab\u201d for drum recordings and electronic music.\u00a0<\/p>\t\t\t\t\t\t\t\t<\/div>\n\t\t\t\t<\/div>\n\t\t\t\t<div class=\"elementor-element elementor-element-5a57502 animated-slow elementor-invisible elementor-widget elementor-widget-text-editor\" data-id=\"5a57502\" data-element_type=\"widget\" data-e-type=\"widget\" data-settings=\"{&quot;_animation&quot;:&quot;fadeInUp&quot;}\" data-widget_type=\"text-editor.default\">\n\t\t\t\t<div class=\"elementor-widget-container\">\n\t\t\t\t\t\t\t\t\t<p class=\"p1\"><b>Discography<\/b><\/p><p><span class=\"s1\">2024 <a href=\"https:\/\/akjela.bandcamp.com\/album\/akjela-and-friends-live-the-mushroom-studio\">AKJELA<\/a> &#8211; Live @ the mushroom studio | Drums<\/span><\/p><p><span class=\"s1\">2022 Pizzera &amp; Jaus &#8211; <a href=\"https:\/\/open.spotify.com\/track\/4ieVeh8oyc0oNS40TfE9w0?si=7adef09cc46d455d\">shotgun<\/a> | Drums<\/span><\/p><p><span class=\"s1\">2021\u00a0<a href=\"https:\/\/www.hvob-music.com\/\"><span class=\"s2\">HVOB<\/span><\/a>\u00a0&#8211; Live in London | Drums<\/span><\/p><p><span class=\"s1\">2020\u00a0<a href=\"https:\/\/open.spotify.com\/track\/45RpXTBVXp2Poz3btbwbeo?si=YsO7ydtUQ6a04Dzxx6X6Fg\"><span class=\"s2\">Paradaze8<\/span><\/a>\u00a0&#8211; Paradaze8 | Drums<\/span><\/p><p><span class=\"s1\">2019\u00a0<a href=\"https:\/\/music.apple.com\/at\/album\/glory-be-single\/1486880396?l=en\"><span class=\"s2\">Glory Be<\/span><\/a>\u00a0&#8211; Greg Bannis | Drums, Perc.<\/span><\/p><p><span class=\"s1\">2019\u00a0<a href=\"https:\/\/music.apple.com\/at\/album\/humanity-train-single\/1488781726?l=en\"><span class=\"s2\">(Get on Board The) Humanity Train\u00a0<\/span><\/a>&#8211; Humanity Train Allstars | Drums, Perc.<\/span><\/p><p><span class=\"s1\">2019 \u00d61\u00a0<a href=\"https:\/\/oe1.orf.at\/artikel\/664938\/Six-Seasons-von-Herbst-bis-Sommer\"><span class=\"s2\">H\u00f6rspielmusik<\/span><\/a>\u00a0&#8222;six seasons&#8220; | Composer<\/span><\/p><p><span class=\"s1\">2019\u00a0<a href=\"https:\/\/music.apple.com\/at\/album\/alles-leben-dieser-erde\/1455365576?l=en\"><span class=\"s2\">Alles Leben dieser Erde<\/span><\/a>\u00a0&#8211; Waterloo | Drums, Perc.<\/span><\/p><p><span class=\"s1\">2018\u00a0<a href=\"https:\/\/music.apple.com\/at\/album\/gestern-war-gestern\/1399886267?l=en\"><span class=\"s2\">Gestern war gestern<\/span><\/a>\u00a0&#8211; Chris Zitta | Drums, Perc.<\/span><\/p><p><span class=\"s1\">2018\u00a0<a href=\"https:\/\/music.apple.com\/at\/album\/ferdinand\/1345530365?l=en\"><span class=\"s2\">Father of God<\/span><\/a>\u00a0&#8211; Left Boy | Drums<\/span><\/p><p><span class=\"s4\">2017 \u00d61\u00a0<a href=\"https:\/\/oe1.orf.at\/artikel\/458270\/Baumleberliebe\"><span class=\"s5\">H\u00f6rspielmusik<\/span><\/a>\u00a0&#8222;<a href=\"https:\/\/soundcloud.com\/user-504812486\/baumleberliebe-snippet\"><span class=\"s5\">Baumleberliebe<\/span><\/a>&#8220; | Composer<\/span><\/p><p><span class=\"s1\">2017\u00a0<a href=\"https:\/\/open.spotify.com\/album\/4Oz7YYKb7jmjynnk1zyYDc?si=Uw6GuknzQl-vOyT1biOmHg\"><span class=\"s2\">Heilende Wirkung<\/span><\/a>\u00a0&#8211; Meister Gr\u00f6ssing &amp; seine Hom\u00f6opathen | Drums, Perc.<\/span><\/p><p><span class=\"s1\">2017\u00a0<a href=\"https:\/\/music.apple.com\/at\/album\/unverw%C3%BCstlich-deluxe-edition\/1273771965?l=en\"><span class=\"s2\">Unverw\u00fcstlich<\/span><\/a>\u00a0(Deluxe Edition) &#8211; Peter Cornelius | Drums<\/span><\/p><p><span class=\"s1\">2016\u00a0<a href=\"https:\/\/music.apple.com\/at\/album\/new-day\/1140265241?l=en\"><span class=\"s2\">New Day<\/span><\/a>\u00a0&#8211; The Geezers | Drums<\/span><\/p><p><span class=\"s1\">2015\u00a0<a href=\"https:\/\/youtu.be\/4KK2_kEuHaY\"><span class=\"s2\">So schmeckt Rock&#8217;n&#8217;roll<\/span><\/a>\u00a0&#8211; Eichhorn &amp; Bande | Drums, Perc.<\/span><\/p><p><span class=\"s1\">2015\u00a0<a href=\"https:\/\/open.spotify.com\/album\/7nreXoB5N2NARN1m5wZFco?si=IEMVL1QRShm5FwAurWngog\"><span class=\"s2\">2080s<\/span><\/a>\u00a0&#8211; Opien | Drums<\/span><\/p><p><span class=\"s1\">2015\u00a0<a href=\"https:\/\/music.apple.com\/at\/album\/best-of-36-gro%C3%9Fe-songs\/1040878679?l=en\"><span class=\"s2\">Best Of<\/span><\/a>\u00a0&#8211; Peter Cornelius | Drums<\/span><\/p><p><span class=\"s1\">2015\u00a0<a href=\"https:\/\/music.apple.com\/at\/album\/raketenbaby\/1273953173?l=en\"><span class=\"s2\">Raketenbaby<\/span><\/a>\u00a0&#8211; Ramona Rotstich | Drums<\/span><\/p><p><span class=\"s1\">2015\u00a0<a href=\"https:\/\/music.apple.com\/at\/album\/fly-with-me\/1016284878?l=en\"><span class=\"s2\">Fly with me<\/span><\/a>\u00a0&#8211; Not A Poet | Drums, Perc., Programming<\/span><\/p><p><span class=\"s4\">2014\u00a0<a href=\"https:\/\/music.apple.com\/at\/album\/heinz-aus-wien-am-rio-grande-live\/931650268?l=en\"><span class=\"s5\">Heinz aus Wien am Rio Grande (Live)<\/span><\/a>\u00a0&#8211; Heinz aus Wien | Perc.<\/span><\/p><p><span class=\"s1\">2014\u00a0<a href=\"https:\/\/music.apple.com\/at\/album\/rise-like-a-phoenix-single\/844168939?l=en\"><span class=\"s2\">Rise like a phoenix<\/span><\/a>\u00a0&#8211; Conchita Wurst | Drums<\/span><\/p><p><span class=\"s1\">2014\u00a0<a href=\"https:\/\/music.apple.com\/at\/album\/songbook\/791657392?l=en\"><span class=\"s2\">Songbook<\/span><\/a>\u00a0&#8211; Longfield Gospel | Drums, Perc.<\/span><\/p><p><span class=\"s1\">2013\u00a0<a href=\"https:\/\/music.apple.com\/at\/album\/slumber\/1316178330?l=en\"><span class=\"s2\">Slumber<\/span><\/a>\u00a0&#8211; Alien Hand Syndrome | Drums, Perc.<\/span><\/p><p><span class=\"s1\">2013\u00a0<a href=\"https:\/\/youtu.be\/mEq1qU9kHqo\"><span class=\"s2\">Taunz mit mir<\/span><\/a>\u00a0&#8211; Anji Hinke | Drums<\/span><\/p><p><span class=\"s1\">2012\u00a0<a href=\"https:\/\/music.apple.com\/at\/album\/190352\/515902327?l=en\"><span class=\"s2\">190352<\/span><\/a>\u00a0&#8211; Wolfgang Ambros | Drums, Perc.<\/span><\/p><p><span class=\"s1\">2012 12 neue 12 &#8211; Peter Cornelius | Drums<\/span><\/p><p><span class=\"s1\">2012\u00a0<a href=\"https:\/\/youtu.be\/QwO3kBRXeXc\"><span class=\"s2\">The \u201c13\u201d<\/span><\/a>\u00a0&#8211; Oleg Prodeus | Drums<\/span><\/p><p><span class=\"s1\">2012\u00a0<a href=\"https:\/\/youtu.be\/v81BiMheLdQ\"><span class=\"s2\">Play that song (from long ago)<\/span><\/a>\u00a0&#8211; Chris Harras | Drums, Perc.<\/span><\/p><p><span class=\"s1\">2012 Dave\u2019s Nightmare &#8211; Dave\u2019s Nightmare | Drums, Perc.<\/span><\/p><p><span class=\"s1\">2012\u00a0<a href=\"https:\/\/youtu.be\/LrJdd6SBmv8\"><span class=\"s2\">Blindfold<\/span><\/a>\u00a0&#8211; Official Life Ball Song 2012 | Drums<\/span><\/p><p><span class=\"s1\">2012 Freude &#8211; Tombeck | Drums, Perc.<\/span><\/p><p><span class=\"s1\">2011\u00a0<a href=\"https:\/\/music.apple.com\/at\/album\/the-sincere-and-the-cryptic\/1318208009?l=en\"><span class=\"s2\">The sincere and the Cryptic<\/span><\/a>\u00a0&#8211; Alien Hand Syndrome | Drums<\/span><\/p><p><span class=\"s1\">2011\u00a0<a href=\"https:\/\/music.apple.com\/at\/album\/das-gro%C3%9Fe-komplott\/415273097?l=en\"><span class=\"s2\">Das grosse Komplott<\/span><\/a>\u00a0&#8211; Fred Schreiber | Drums<\/span><\/p><p><span class=\"s1\">2009\u00a0<a href=\"https:\/\/music.apple.com\/at\/album\/die-bessere-h%C3%A4lfte\/312050901?l=en\"><span class=\"s2\">Die bessere H\u00e4lfte<\/span><\/a>\u00a0&#8211; Herbstrock | Drums<\/span><\/p><p><span class=\"s1\">2009 Destroying something beautiful &#8211; Julia Documentary\/Live DVD\u00a0| Drums<\/span><\/p><p><span class=\"s1\">2009 Mei Herz brennt &#8211; Tombeck | Drums, Perc.<\/span><\/p><p><span class=\"s1\">2008 So damn easy &#8211; Bourne | Drums<\/span><\/p><p><span class=\"s1\">2008\u00a0<a href=\"https:\/\/music.apple.com\/at\/album\/the-scars-we-hide\/304370482?l=en\"><span class=\"s2\">The scars we hide<\/span><\/a>\u00a0&#8211; Julia | Drums, Composer<\/span><\/p><p><span class=\"s1\">2007 In a living room &#8211; We make music | Drums<\/span><\/p><p><span class=\"s1\">2006\u00a0<a href=\"https:\/\/music.apple.com\/at\/album\/sunrise\/1400414241?l=en\"><span class=\"s2\">Sunrise<\/span><\/a>\u00a0&#8211; Julia | Drums, Composer<\/span><\/p><p><span class=\"s1\">2006\u00a0<a href=\"https:\/\/music.apple.com\/at\/album\/1st-chapter\/193237406?l=en\"><span class=\"s2\">1st Chapter<\/span><\/a>\u00a0&#8211; Cloud Tissa | Drums<\/span><\/p><p><span class=\"s1\">2004\u00a0<a href=\"https:\/\/music.apple.com\/at\/album\/songs-about-decay\/256708358?l=en\"><span class=\"s2\">Songs about decay<\/span><\/a>\u00a0&#8211; Julia | Drums, Composer<\/span><\/p><p><span class=\"s1\">2002 Put to sleep &#8211; Julia | Drums, Composer<\/span><\/p><p><span class=\"s1\">2000\u00a0<a href=\"https:\/\/music.apple.com\/at\/album\/out-of-control-ep\/276778953?l=en\"><span class=\"s2\">Out Of Control<\/span><\/a>\u00a0&#8211; The Mad Undertakers | Drums<\/span><\/p>\t\t\t\t\t\t\t\t<\/div>\n\t\t\t\t<\/div>\n\t\t\t\t\t<\/div>\n\t\t<\/div>\n\t\t\t\t\t<\/div>\n\t\t<\/section>\n\t\t\t\t<\/div>","protected":false},"excerpt":{"rendered":"<p>BIO\/DISCO Alex Schuster Ich spiele Schlagzeug seit meiner Kindheit. Meine musikalische Ausbildung begann jedoch am klassischen Klavier, bevor ich Schlagzeug am Konservatorium Wien sowie am Drummer\u2019s Focus in M\u00fcnchen studierte. Anschlie\u00dfend verbrachte ich zwei Jahre in Los Angeles, wo ich als Session-Drummer t\u00e4tig war. Im Laufe der Jahre war ich an zahlreichen Projekten beteiligt und&hellip;&nbsp;<a href=\"https:\/\/www.alexschuster.com\/en\/bio-disco\/\" rel=\"bookmark\">Read More &raquo;<span class=\"screen-reader-text\">BIO\/DISCO<\/span><\/a><\/p>","protected":false},"author":3,"featured_media":0,"parent":0,"menu_order":0,"comment_status":"closed","ping_status":"closed","template":"elementor_header_footer","meta":{"neve_meta_sidebar":"","neve_meta_container":"","neve_meta_enable_content_width":"","neve_meta_content_width":0,"neve_meta_title_alignment":"","neve_meta_author_avatar":"","neve_post_elements_order":"","neve_meta_disable_header":"","neve_meta_disable_footer":"","neve_meta_disable_title":"","neve_meta_reading_time":"","footnotes":""},"class_list":["post-43","page","type-page","status-publish","hentry"],"_links":{"self":[{"href":"https:\/\/www.alexschuster.com\/en\/wp-json\/wp\/v2\/pages\/43","targetHints":{"allow":["GET"]}}],"collection":[{"href":"https:\/\/www.alexschuster.com\/en\/wp-json\/wp\/v2\/pages"}],"about":[{"href":"https:\/\/www.alexschuster.com\/en\/wp-json\/wp\/v2\/types\/page"}],"author":[{"embeddable":true,"href":"https:\/\/www.alexschuster.com\/en\/wp-json\/wp\/v2\/users\/3"}],"replies":[{"embeddable":true,"href":"https:\/\/www.alexschuster.com\/en\/wp-json\/wp\/v2\/comments?post=43"}],"version-history":[{"count":125,"href":"https:\/\/www.alexschuster.com\/en\/wp-json\/wp\/v2\/pages\/43\/revisions"}],"predecessor-version":[{"id":1918,"href":"https:\/\/www.alexschuster.com\/en\/wp-json\/wp\/v2\/pages\/43\/revisions\/1918"}],"wp:attachment":[{"href":"https:\/\/www.alexschuster.com\/en\/wp-json\/wp\/v2\/media?parent=43"}],"curies":[{"name":"wp","href":"https:\/\/api.w.org\/{rel}","templated":true}]}}